{"id":4373,"date":"2024-03-25T12:55:23","date_gmt":"2024-03-25T04:55:23","guid":{"rendered":"https:\/\/logixleap.com\/ve-chung-toi\/"},"modified":"2024-10-09T22:20:07","modified_gmt":"2024-10-09T14:20:07","slug":"ve-chung-toi","status":"publish","type":"page","link":"https:\/\/logixleap.com\/vi\/ve-chung-toi\/","title":{"rendered":"V\u1ec0 CH\u00daNG T\u00d4I"},"content":{"rendered":"\t\t<div data-elementor-type=\"wp-page\" data-elementor-id=\"4373\" class=\"elementor elementor-4373 elementor-1472\" data-elementor-post-type=\"page\">\n\t\t\t\t<div class=\"shapeanimation tp-section-image tp-section-image-515698c4 elementor-repeater-item-d784523\"><\/div>\t\t<section data-tp-section-image=\"yes\" class=\"elementor-section elementor-top-section elementor-element elementor-element-515698c4 elementor-section-content-middle elementor-section-boxed elementor-section-height-default elementor-section-height-default\" data-id=\"515698c4\" data-element_type=\"section\" data-settings=\"{&quot;background_background&quot;:&quot;classic&quot;}\">\n\t\t\t\t\t\t\t<div class=\"elementor-background-overlay\"><\/div>\n\t\t\t\t\t\t\t<div class=\"elementor-container elementor-column-gap-no\">\n\t\t\t\t\t<div class=\"elementor-column elementor-col-50 elementor-top-column elementor-element elementor-element-1a1b1916\" data-id=\"1a1b1916\" data-element_type=\"column\">\n\t\t\t<div class=\"elementor-widget-wrap elementor-element-populated\">\n\t\t\t\t\t\t<div class=\"elementor-element elementor-element-bd5fbf3 elementor-widget elementor-widget-image\" data-id=\"bd5fbf3\" data-element_type=\"widget\" data-widget_type=\"image.default\">\n\t\t\t\t<div class=\"elementor-widget-container\">\n\t\t\t\t\t\t\t\t\t\t\t\t\t<img fetchpriority=\"high\" decoding=\"async\" width=\"2480\" height=\"1397\" src=\"https:\/\/logixleap.com\/wp-content\/uploads\/2024\/05\/PG5.jpg\" class=\"attachment-full size-full wp-image-3710\" alt=\"\" srcset=\"https:\/\/logixleap.com\/wp-content\/uploads\/2024\/05\/PG5.jpg 2480w, https:\/\/logixleap.com\/wp-content\/uploads\/2024\/05\/PG5-300x169.jpg 300w, https:\/\/logixleap.com\/wp-content\/uploads\/2024\/05\/PG5-1024x577.jpg 1024w, https:\/\/logixleap.com\/wp-content\/uploads\/2024\/05\/PG5-768x433.jpg 768w, https:\/\/logixleap.com\/wp-content\/uploads\/2024\/05\/PG5-1536x865.jpg 1536w, https:\/\/logixleap.com\/wp-content\/uploads\/2024\/05\/PG5-2048x1154.jpg 2048w, https:\/\/logixleap.com\/wp-content\/uploads\/2024\/05\/PG5-600x338.jpg 600w\" sizes=\"(max-width: 2480px) 100vw, 2480px\" \/>\t\t\t\t\t\t\t\t\t\t\t\t\t<\/div>\n\t\t\t\t<\/div>\n\t\t\t\t\t<\/div>\n\t\t<\/div>\n\t\t\t\t<div class=\"elementor-column elementor-col-50 elementor-top-column elementor-element elementor-element-79b2e2f8\" data-id=\"79b2e2f8\" data-element_type=\"column\">\n\t\t\t<div class=\"elementor-widget-wrap elementor-element-populated\">\n\t\t\t\t\t\t<div class=\"elementor-element elementor-element-249a8dd5 elementor-widget elementor-widget-tronix_about\" data-id=\"249a8dd5\" data-element_type=\"widget\" data-widget_type=\"tronix_about.default\">\n\t\t\t\t<div class=\"elementor-widget-container\">\n\t\t\t        <div class=\"about-section-wraper\">\n            <div class=\"container\">\n                <div class=\"about_content \">\n                    <div class=\"about-item\">\n                                                 \n                            <h2 class=\"about-title\"> CH\u00daNG T\u00d4I L\u00c0 AI\n \n                            <\/h2>\n                                                 <div class=\"about-des\"> <span style=\"font-weight: 400\">Logix Leap ra \u0111\u1eddi t\u1eeb mong mu\u1ed1n gi\u00fap m\u1ecdi ng\u01b0\u1eddi c\u00f3 th\u1ec3 ti\u1ebfp c\u1eadn giao d\u1ecbch t\u1ea7n su\u1ea5t cao. S\u1ef1 th\u00e0nh l\u1eadp c\u00f4ng ty c\u1ee7a ch\u00fang t\u00f4i \u0111\u01b0\u1ee3c th\u00fac \u0111\u1ea9y b\u1edfi m\u1ed9t nh\u00f3m c\u00e1c nh\u00e0 giao d\u1ecbch v\u00e0 l\u1eadp tr\u00ecnh vi\u00ean \u0111\u1ea7y nhi\u1ec7t huy\u1ebft, nh\u1eefng ng\u01b0\u1eddi \u0111\u00e3 nh\u1eadn ra ti\u1ec1m n\u0103ng t\u1eadn d\u1ee5ng c\u00f4ng ngh\u1ec7 ti\u00ean ti\u1ebfn \u0111\u1ec3 d\u00e2n ch\u1ee7 h\u00f3a th\u1ecb tr\u01b0\u1eddng t\u00e0i ch\u00ednh. \u0110\u1ed9i ng\u0169 t\u1eadn t\u00e2m n\u00e0y \u0111\u00e3 k\u1ebft h\u1ee3p ki\u1ebfn \u200b\u200bth\u1ee9c chuy\u00ean m\u00f4n c\u1ee7a h\u1ecd v\u1ec1 giao d\u1ecbch, ph\u00e1t tri\u1ec3n ph\u1ea7n m\u1ec1m v\u00e0 ph\u00e2n t\u00edch d\u1eef li\u1ec7u \u0111\u1ec3 t\u1ea1o ra m\u1ed9t n\u1ec1n t\u1ea3ng c\u00f3 th\u1ec3 trao quy\u1ec1n cho c\u00e1c c\u00e1 nh\u00e2n c\u0169ng nh\u01b0 t\u1ed5 ch\u1ee9c.<\/span> <\/div>                                            <\/div>\n                <\/div>\n            <\/div>\n        <\/div>\n        \t\t<\/div>\n\t\t\t\t<\/div>\n\t\t\t\t\t<\/div>\n\t\t<\/div>\n\t\t\t\t\t<\/div>\n\t\t<\/section>\n\t\t\t\t<section class=\"elementor-section elementor-top-section elementor-element elementor-element-38380a45 elementor-section-boxed elementor-section-height-default elementor-section-height-default\" data-id=\"38380a45\" data-element_type=\"section\">\n\t\t\t\t\t\t<div class=\"elementor-container elementor-column-gap-no\">\n\t\t\t\t\t<div class=\"elementor-column elementor-col-50 elementor-top-column elementor-element elementor-element-197d4d88\" data-id=\"197d4d88\" data-element_type=\"column\">\n\t\t\t<div class=\"elementor-widget-wrap elementor-element-populated\">\n\t\t\t\t\t\t<div class=\"elementor-element elementor-element-6705061 elementor-widget elementor-widget-tronix_about\" data-id=\"6705061\" data-element_type=\"widget\" data-widget_type=\"tronix_about.default\">\n\t\t\t\t<div class=\"elementor-widget-container\">\n\t\t\t        <div class=\"about-section-wraper\">\n            <div class=\"container\">\n                <div class=\"about_content \">\n                    <div class=\"about-item\">\n                         <span class=\"about-small-stitle\"> GI\u00c1 TR\u1eca DOANH NGHI\u1ec6P C\u1ee6A CH\u00daNG T\u00d4I <\/span>                         \n                            <h4 class=\"about-title\"> S\u1ee8 M\u1ec6NH \n                            <\/h4>\n                                                 <div class=\"about-des\"> <span style=\"font-weight: 400\">T\u1ea1i Logix Leap, ch\u00fang t\u00f4i \u0111\u01b0\u1ee3c th\u00fac \u0111\u1ea9y b\u1edfi cam k\u1ebft v\u1eefng ch\u1eafc c\u1ee7a m\u00ecnh trong vi\u1ec7c d\u00e2n ch\u1ee7 h\u00f3a kh\u1ea3 n\u0103ng ti\u1ebfp c\u1eadn c\u00e1c c\u00f4ng c\u1ee5 t\u00e0i ch\u00ednh ti\u00ean ti\u1ebfn. S\u1ee9 m\u1ec7nh c\u1ee7a ch\u00fang t\u00f4i l\u00e0 trao quy\u1ec1n cho c\u1ea3 nh\u00e0 \u0111\u1ea7u t\u01b0 b\u00e1n l\u1ebb v\u00e0 nh\u00e0 \u0111\u1ea7u t\u01b0 \u0111\u01b0\u1ee3c c\u00f4ng nh\u1eadn b\u1eb1ng c\u00e1c gi\u1ea3i ph\u00e1p qu\u1ef9 ph\u00f2ng h\u1ed9 v\u00e0 giao d\u1ecbch t\u1ea7n su\u1ea5t cao ph\u1ee9c t\u1ea1p tr\u01b0\u1edbc \u0111\u00e2y d\u00e0nh ri\u00eang cho ng\u01b0\u1eddi ch\u01a1i t\u1ed5 ch\u1ee9c.\u00a0<\/span>\n\n<br><br>\n\n<span style=\"font-weight: 400\">Th\u00f4ng qua s\u1ef1 \u0111\u1ed5i m\u1edbi kh\u00f4ng ng\u1eebng v\u00e0 c\u00f4ng ngh\u1ec7 ti\u00ean ti\u1ebfn, ch\u00fang t\u00f4i c\u1ed1 g\u1eafng t\u1ea1o ra m\u1ed9t s\u00e2n ch\u01a1i b\u00ecnh \u0111\u1eb3ng, cho ph\u00e9p c\u00e1c c\u00e1 nh\u00e2n n\u1eafm b\u1eaft c\u01a1 h\u1ed9i v\u00e0 \u0111\u1ea1t \u0111\u01b0\u1ee3c th\u00e0nh c\u00f4ng v\u1ec1 m\u1eb7t t\u00e0i ch\u00ednh.\u00a0<\/span>\n\n<br><br>\n\n<span style=\"font-weight: 400\">V\u1edbi t\u00ednh ch\u00ednh tr\u1ef1c l\u00e0 n\u1ec1n t\u1ea3ng v\u00e0 s\u1ef1 xu\u1ea5t s\u1eafc l\u00e0 kim ch\u1ec9 nam, ch\u00fang t\u00f4i ti\u1ebfn l\u00ean ph\u00eda tr\u01b0\u1edbc, ti\u00ean phong \u0111\u01b0a ra c\u00e1c ti\u00eau chu\u1ea9n m\u1edbi trong ng\u00e0nh t\u00e0i ch\u00ednh v\u00e0 c\u00e1ch m\u1ea1ng h\u00f3a c\u00e1ch giao d\u1ecbch c\u1ee7a th\u1ebf gi\u1edbi.<\/span> <\/div>                                            <\/div>\n                <\/div>\n            <\/div>\n        <\/div>\n        \t\t<\/div>\n\t\t\t\t<\/div>\n\t\t\t\t\t<\/div>\n\t\t<\/div>\n\t\t\t\t<div class=\"elementor-column elementor-col-50 elementor-top-column elementor-element elementor-element-46252665\" data-id=\"46252665\" data-element_type=\"column\">\n\t\t\t<div class=\"elementor-widget-wrap elementor-element-populated\">\n\t\t\t\t\t\t<div class=\"elementor-element elementor-element-7336732a elementor-widget elementor-widget-image\" data-id=\"7336732a\" data-element_type=\"widget\" data-widget_type=\"image.default\">\n\t\t\t\t<div class=\"elementor-widget-container\">\n\t\t\t\t\t\t\t\t\t\t\t\t\t<img decoding=\"async\" width=\"814\" height=\"910\" src=\"https:\/\/logixleap.com\/wp-content\/uploads\/2024\/05\/Picture1.png\" class=\"attachment-large size-large wp-image-3716\" alt=\"\" srcset=\"https:\/\/logixleap.com\/wp-content\/uploads\/2024\/05\/Picture1.png 814w, https:\/\/logixleap.com\/wp-content\/uploads\/2024\/05\/Picture1-268x300.png 268w, https:\/\/logixleap.com\/wp-content\/uploads\/2024\/05\/Picture1-768x859.png 768w, https:\/\/logixleap.com\/wp-content\/uploads\/2024\/05\/Picture1-600x671.png 600w\" sizes=\"(max-width: 814px) 100vw, 814px\" \/>\t\t\t\t\t\t\t\t\t\t\t\t\t<\/div>\n\t\t\t\t<\/div>\n\t\t\t\t\t<\/div>\n\t\t<\/div>\n\t\t\t\t\t<\/div>\n\t\t<\/section>\n\t\t\t\t<section class=\"elementor-section elementor-top-section elementor-element elementor-element-47cd2373 elementor-section-full_width elementor-section-stretched elementor-section-height-default elementor-section-height-default\" data-id=\"47cd2373\" data-element_type=\"section\" data-settings=\"{&quot;stretch_section&quot;:&quot;section-stretched&quot;,&quot;background_background&quot;:&quot;classic&quot;}\">\n\t\t\t\t\t\t<div class=\"elementor-container elementor-column-gap-no\">\n\t\t\t\t\t<div class=\"elementor-column elementor-col-50 elementor-top-column elementor-element elementor-element-3a1e4eb7 elementor-hidden-tablet elementor-hidden-mobile\" data-id=\"3a1e4eb7\" data-element_type=\"column\" data-settings=\"{&quot;background_background&quot;:&quot;classic&quot;}\">\n\t\t\t<div class=\"elementor-widget-wrap\">\n\t\t\t\t\t\t\t<\/div>\n\t\t<\/div>\n\t\t\t\t<div class=\"elementor-column elementor-col-50 elementor-top-column elementor-element elementor-element-111118cf\" data-id=\"111118cf\" data-element_type=\"column\">\n\t\t\t<div class=\"elementor-widget-wrap elementor-element-populated\">\n\t\t\t\t\t\t<section class=\"elementor-section elementor-inner-section elementor-element elementor-element-73c67543 elementor-section-boxed elementor-section-height-default elementor-section-height-default\" data-id=\"73c67543\" data-element_type=\"section\">\n\t\t\t\t\t\t<div class=\"elementor-container elementor-column-gap-no\">\n\t\t\t\t\t<div class=\"elementor-column elementor-col-100 elementor-inner-column elementor-element elementor-element-451cc8a1\" data-id=\"451cc8a1\" data-element_type=\"column\">\n\t\t\t<div class=\"elementor-widget-wrap elementor-element-populated\">\n\t\t\t\t\t\t<div class=\"elementor-element elementor-element-5ea92bcd elementor-widget elementor-widget-tronix_about\" data-id=\"5ea92bcd\" data-element_type=\"widget\" data-widget_type=\"tronix_about.default\">\n\t\t\t\t<div class=\"elementor-widget-container\">\n\t\t\t        <div class=\"about-section-wraper\">\n            <div class=\"container\">\n                <div class=\"about_content \">\n                    <div class=\"about-item\">\n                         <span class=\"about-small-stitle\"> GI\u00c1 TR\u1eca DOANH NGHI\u1ec6P C\u1ee6A CH\u00daNG T\u00d4I <\/span>                         \n                            <h2 class=\"about-title\"> T\u1ea6M NH\u00ccN\n \n                            <\/h2>\n                                                 <div class=\"about-des\"> <span style=\"font-weight: 400\">T\u1ea7m nh\u00ecn c\u1ee7a ch\u00fang t\u00f4i t\u1ea1i Logix Leap l\u00e0 \u0111\u1ecbnh h\u00ecnh m\u1ed9t t\u01b0\u01a1ng lai n\u01a1i vi\u1ec7c trao quy\u1ec1n t\u00e0i ch\u00ednh kh\u00f4ng c\u00f3 ranh gi\u1edbi. Ch\u00fang t\u00f4i mong mu\u1ed1n d\u1eabn \u0111\u1ea7u s\u1ef1 ph\u00e1t tri\u1ec3n c\u1ee7a b\u1ed1i c\u1ea3nh \u0111\u1ea7u t\u01b0, n\u01a1i m\u1ecdi c\u00e1 nh\u00e2n, b\u1ea5t k\u1ec3 xu\u1ea5t th\u00e2n hay \u0111\u1ecba v\u1ecb, \u0111\u1ec1u c\u00f3 quy\u1ec1n truy c\u1eadp v\u00e0o c\u00e1c gi\u1ea3i ph\u00e1p giao d\u1ecbch t\u1ea7n su\u1ea5t cao, qu\u1ef9 ph\u00f2ng h\u1ed9 v\u00e0 ch\u00eanh l\u1ec7ch gi\u00e1 ph\u1ee9c t\u1ea1p.\u00a0\u00a0<\/span>\n<br><br>\n\n<span style=\"font-weight: 400\">B\u1eb1ng c\u00e1ch t\u1eadn d\u1ee5ng c\u00f4ng ngh\u1ec7 ti\u00ean ti\u1ebfn v\u00e0 hi\u1ec3u bi\u1ebft d\u1ef1a tr\u00ean d\u1eef li\u1ec7u, ch\u00fang t\u00f4i h\u00ecnh dung ra m\u1ed9t th\u1ebf gi\u1edbi n\u01a1i c\u00e1c nh\u00e0 \u0111\u1ea7u t\u01b0 c\u00f3 th\u1ec3 \u0111i\u1ec1u h\u01b0\u1edbng s\u1ef1 ph\u1ee9c t\u1ea1p c\u1ee7a th\u1ecb tr\u01b0\u1eddng t\u00e0i ch\u00ednh m\u1ed9t c\u00e1ch t\u1ef1 tin v\u00e0 r\u00f5 r\u00e0ng.<\/span>\n\n<br><br>\n\n<span style=\"font-weight: 400\">M\u1ee5c ti\u00eau c\u1ee7a ch\u00fang t\u00f4i l\u00e0 nu\u00f4i d\u01b0\u1ee1ng m\u1ed9t c\u1ed9ng \u0111\u1ed3ng g\u1ed3m c\u00e1c nh\u00e0 \u0111\u1ea7u t\u01b0 \u0111\u01b0\u1ee3c trao quy\u1ec1n, th\u00fac \u0111\u1ea9y vi\u1ec7c t\u1ea1o ra c\u1ee7a c\u1ea3i, th\u00fac \u0111\u1ea9y s\u1ef1 \u0111\u1ed9c l\u1eadp v\u1ec1 t\u00e0i ch\u00ednh v\u00e0 \u0111\u1ecbnh h\u00ecnh l\u1ea1i t\u01b0\u01a1ng lai t\u00e0i ch\u00ednh cho c\u00e1c th\u1ebf h\u1ec7 mai sau.<\/span> <\/div>                                            <\/div>\n                <\/div>\n            <\/div>\n        <\/div>\n        \t\t<\/div>\n\t\t\t\t<\/div>\n\t\t\t\t\t<\/div>\n\t\t<\/div>\n\t\t\t\t\t<\/div>\n\t\t<\/section>\n\t\t\t\t\t<\/div>\n\t\t<\/div>\n\t\t\t\t\t<\/div>\n\t\t<\/section>\n\t\t\t\t<section class=\"elementor-section elementor-top-section elementor-element elementor-element-7a0d5aad elementor-section-content-top elementor-section-boxed elementor-section-height-default elementor-section-height-default\" data-id=\"7a0d5aad\" data-element_type=\"section\">\n\t\t\t\t\t\t<div class=\"elementor-container elementor-column-gap-no\">\n\t\t\t\t\t<div class=\"elementor-column elementor-col-50 elementor-top-column elementor-element elementor-element-57e1a6f2\" data-id=\"57e1a6f2\" data-element_type=\"column\">\n\t\t\t<div class=\"elementor-widget-wrap elementor-element-populated\">\n\t\t\t\t\t\t<div class=\"elementor-element elementor-element-3bb66220 elementor-widget elementor-widget-tronix_about_image_four\" data-id=\"3bb66220\" data-element_type=\"widget\" data-widget_type=\"tronix_about_image_four.default\">\n\t\t\t\t<div class=\"elementor-widget-container\">\n\t\t\t\r\n        <script>\r\n\t\t\tjQuery(document).ready(function($) {\r\n\t\t\t\t \"use strict\";\r\n\t\t\t\t$(\".timer\").countTo();\r\n\t\t\t\t$(\".image-v4-count-proces\").appear(function() {\r\n\t\t\t\t    $(\".timer\").countTo();\r\n\t\t\t\t}, {\r\n\t\t\t\t    accY: -200\r\n\t\t\t\t});\r\n\t\t\t});\r\n\t\t<\/script>\r\n                <div class=\"image-wrapper \">\r\n            <div class=\"image-v4-item imag\">\r\n                <img decoding=\"async\" width=\"571\" height=\"576\" src=\"https:\/\/logixleap.com\/wp-content\/uploads\/2024\/05\/Group-167-1.png\" class=\"attachment-full size-full\" alt=\"\" srcset=\"https:\/\/logixleap.com\/wp-content\/uploads\/2024\/05\/Group-167-1.png 571w, https:\/\/logixleap.com\/wp-content\/uploads\/2024\/05\/Group-167-1-297x300.png 297w, https:\/\/logixleap.com\/wp-content\/uploads\/2024\/05\/Group-167-1-150x150.png 150w, https:\/\/logixleap.com\/wp-content\/uploads\/2024\/05\/Group-167-1-100x100.png 100w\" sizes=\"(max-width: 571px) 100vw, 571px\" \/>                <div class=\"image-v4-count-item\">\r\n                    <div class=\"image-v4-count-proces\">\r\n                                                                    <\/div>\r\n                <\/div>\r\n            <\/div>\r\n        <\/div>\r\n\t\t<\/div>\n\t\t\t\t<\/div>\n\t\t\t\t\t<\/div>\n\t\t<\/div>\n\t\t\t\t<div class=\"elementor-column elementor-col-50 elementor-top-column elementor-element elementor-element-19595ea7\" data-id=\"19595ea7\" data-element_type=\"column\">\n\t\t\t<div class=\"elementor-widget-wrap elementor-element-populated\">\n\t\t\t\t\t\t<div class=\"elementor-element elementor-element-a74fcf5 elementor-widget elementor-widget-tronix_about\" data-id=\"a74fcf5\" data-element_type=\"widget\" data-widget_type=\"tronix_about.default\">\n\t\t\t\t<div class=\"elementor-widget-container\">\n\t\t\t        <div class=\"about-section-wraper\">\n            <div class=\"container\">\n                <div class=\"about_content \">\n                    <div class=\"about-item\">\n                                                                         <div class=\"about-des\"> <span style=\"font-weight: 400\">H\u00e0nh tr\u00ecnh c\u1ee7a ch\u00fang t\u00f4i \u0111\u01b0\u1ee3c \u0111\u00e1nh d\u1ea5u b\u1eb1ng s\u1ef1 c\u1ea3i ti\u1ebfn li\u00ean t\u1ee5c v\u00e0 kh\u00f4ng ng\u1eebng theo \u0111u\u1ed5i s\u1ef1 xu\u1ea5t s\u1eafc. Nh\u00f3m t\u1ea1i Logix Leap v\u1eabn t\u1eadn t\u00e2m trong vi\u1ec7c v\u01b0\u1ee3t qua ranh gi\u1edbi c\u1ee7a nh\u1eefng g\u00ec c\u00f3 th\u1ec3 x\u1ea3y ra trong th\u1ebf gi\u1edbi giao d\u1ecbch, \u0111\u1ea3m b\u1ea3o r\u1eb1ng kh\u00e1ch h\u00e0ng c\u1ee7a ch\u00fang t\u00f4i c\u00f3 quy\u1ec1n truy c\u1eadp v\u00e0o c\u00e1c c\u00f4ng c\u1ee5 v\u00e0 t\u00e0i nguy\u00ean t\u1ed1t nh\u1ea5t hi\u1ec7n c\u00f3.<\/span>\n\n<br><br>\n<span style=\"font-weight: 400\">Nh\u00ecn v\u1ec1 ph\u00eda tr\u01b0\u1edbc, ch\u00fang t\u00f4i r\u1ea5t vui m\u1eebng \u0111\u01b0\u1ee3c ti\u1ebfp t\u1ee5c ph\u00e1t tri\u1ec3n v\u00e0 m\u1edf r\u1ed9ng c\u00e1c d\u1ecbch v\u1ee5 c\u1ee7a m\u00ecnh, lu\u00f4n v\u1edbi m\u1ee5c ti\u00eau trao quy\u1ec1n cho ng\u01b0\u1eddi d\u00f9ng \u0111\u1ec3 \u0111\u1ea1t \u0111\u01b0\u1ee3c c\u00e1c m\u1ee5c ti\u00eau t\u00e0i ch\u00ednh c\u1ee7a h\u1ecd. H\u00e3y tham gia c\u00f9ng ch\u00fang t\u00f4i khi ch\u00fang t\u00f4i \u0111\u1ecbnh h\u00ecnh t\u01b0\u01a1ng lai c\u1ee7a t\u00e0i ch\u00ednh, m\u1ed7i l\u1ea7n m\u1ed9t s\u1ef1 \u0111\u1ed5i m\u1edbi.<\/span> <\/div>                                            <\/div>\n                <\/div>\n            <\/div>\n        <\/div>\n        \t\t<\/div>\n\t\t\t\t<\/div>\n\t\t\t\t\t<\/div>\n\t\t<\/div>\n\t\t\t\t\t<\/div>\n\t\t<\/section>\n\t\t\t\t<section class=\"elementor-section elementor-top-section elementor-element elementor-element-1f6d6013 elementor-section-boxed elementor-section-height-default elementor-section-height-default\" data-id=\"1f6d6013\" data-element_type=\"section\" data-settings=\"{&quot;background_background&quot;:&quot;classic&quot;}\">\n\t\t\t\t\t\t<div class=\"elementor-container elementor-column-gap-no\">\n\t\t\t\t\t<div class=\"elementor-column elementor-col-100 elementor-top-column elementor-element elementor-element-771e6a83\" data-id=\"771e6a83\" data-element_type=\"column\">\n\t\t\t<div class=\"elementor-widget-wrap elementor-element-populated\">\n\t\t\t\t\t\t<div class=\"elementor-element elementor-element-686dd7b4 elementor-widget elementor-widget-tronix_about\" data-id=\"686dd7b4\" data-element_type=\"widget\" data-widget_type=\"tronix_about.default\">\n\t\t\t\t<div class=\"elementor-widget-container\">\n\t\t\t        <div class=\"about-section-wraper\">\n            <div class=\"container\">\n                <div class=\"about_content \">\n                    <div class=\"about-item\">\n                                                 \n                            <h2 class=\"about-title\"> H\u00e3y c\u00f9ng nhau nh\u1ea3y v\u1ecdt\n \n                            <\/h2>\n                                                                                                    <div class=\"about-button-area\">\n                                                                                                            <div class=\"about-button\">\n                                            <a href=\"\/vi\/lien-he\/\" class=\" theme-btns\"> \n                                                Li\u00ean h\u1ec7 \n                                            <\/a>\n                                        <\/div>\n                                                                                                                                                                    <\/div>\n                                            <\/div>\n                <\/div>\n            <\/div>\n        <\/div>\n        \t\t<\/div>\n\t\t\t\t<\/div>\n\t\t\t\t\t<\/div>\n\t\t<\/div>\n\t\t\t\t\t<\/div>\n\t\t<\/section>\n\t\t\t\t<\/div>\n\t\t","protected":false},"excerpt":{"rendered":"<p>CH\u00daNG T\u00d4I L\u00c0 AI Logix Leap ra \u0111\u1eddi t\u1eeb mong mu\u1ed1n gi\u00fap m\u1ecdi ng\u01b0\u1eddi c\u00f3 th\u1ec3 ti\u1ebfp c\u1eadn giao d\u1ecbch t\u1ea7n su\u1ea5t cao. S\u1ef1 th\u00e0nh l\u1eadp c\u00f4ng ty c\u1ee7a ch\u00fang t\u00f4i \u0111\u01b0\u1ee3c th\u00fac \u0111\u1ea9y b\u1edfi m\u1ed9t nh\u00f3m c\u00e1c nh\u00e0 giao d\u1ecbch v\u00e0 l\u1eadp tr\u00ecnh vi\u00ean \u0111\u1ea7y nhi\u1ec7t huy\u1ebft, nh\u1eefng ng\u01b0\u1eddi \u0111\u00e3 nh\u1eadn ra ti\u1ec1m n\u0103ng [&hellip;]<\/p>\n","protected":false},"author":1,"featured_media":0,"parent":0,"menu_order":0,"comment_status":"closed","ping_status":"closed","template":"blank-template.php","meta":{"inline_featured_image":false,"footnotes":""},"class_list":["post-4373","page","type-page","status-publish","hentry"],"_links":{"self":[{"href":"https:\/\/logixleap.com\/vi\/wp-json\/wp\/v2\/pages\/4373","targetHints":{"allow":["GET"]}}],"collection":[{"href":"https:\/\/logixleap.com\/vi\/wp-json\/wp\/v2\/pages"}],"about":[{"href":"https:\/\/logixleap.com\/vi\/wp-json\/wp\/v2\/types\/page"}],"author":[{"embeddable":true,"href":"https:\/\/logixleap.com\/vi\/wp-json\/wp\/v2\/users\/1"}],"replies":[{"embeddable":true,"href":"https:\/\/logixleap.com\/vi\/wp-json\/wp\/v2\/comments?post=4373"}],"version-history":[{"count":7,"href":"https:\/\/logixleap.com\/vi\/wp-json\/wp\/v2\/pages\/4373\/revisions"}],"predecessor-version":[{"id":4479,"href":"https:\/\/logixleap.com\/vi\/wp-json\/wp\/v2\/pages\/4373\/revisions\/4479"}],"wp:attachment":[{"href":"https:\/\/logixleap.com\/vi\/wp-json\/wp\/v2\/media?parent=4373"}],"curies":[{"name":"wp","href":"https:\/\/api.w.org\/{rel}","templated":true}]}}